{"id":2,"date":"2023-08-30T16:55:07","date_gmt":"2023-08-30T14:55:07","guid":{"rendered":"http:\/\/esioo.fr\/?page_id=2"},"modified":"2023-09-22T14:41:46","modified_gmt":"2023-09-22T12:41:46","slug":"page-d-exemple","status":"publish","type":"page","link":"https:\/\/esioo.fr\/?page_id=2","title":{"rendered":"Page d\u2019exemple"},"content":{"rendered":"<p>[et_pb_section fb_built=&#8221;1&#8243; _builder_version=&#8221;4.22.1&#8243; _module_preset=&#8221;default&#8221; hover_enabled=&#8221;0&#8243; global_colors_info=&#8221;{}&#8221; background_color=&#8221;#5f7343&#8243; sticky_enabled=&#8221;0&#8243;][et_pb_row column_structure=&#8221;1_2,1_2&#8243; _builder_version=&#8221;4.22.1&#8243; _module_preset=&#8221;default&#8221; global_colors_info=&#8221;{}&#8221;][et_pb_column type=&#8221;1_2&#8243; _builder_version=&#8221;4.22.1&#8243; _module_preset=&#8221;default&#8221; global_colors_info=&#8221;{}&#8221;][et_pb_text _builder_version=&#8221;4.22.1&#8243; _module_preset=&#8221;default&#8221; global_colors_info=&#8221;{}&#8221;]<\/p>\n<h1 style=\"font-size: 80px;\"><span style=\"color: #31ba8f;\">ESIOO<\/span><\/h1>\n<p><span style=\"font-size: 30px; color: #b5e4b1;\">Cr\u00e9ateur de site<\/span><br \/><span style=\"font-size: 40px; color: #b5e4b1;\">ECORESPONSABLE<\/span><\/p>\n<p>[\/et_pb_text][\/et_pb_column][et_pb_column type=&#8221;1_2&#8243; _builder_version=&#8221;4.22.1&#8243; _module_preset=&#8221;default&#8221; global_colors_info=&#8221;{}&#8221;][\/et_pb_column][\/et_pb_row][\/et_pb_section][et_pb_section fb_built=&#8221;1&#8243; admin_label=&#8221;section&#8221; _builder_version=&#8221;4.22.1&#8243; background_color=&#8221;#1d351a&#8221; custom_margin=&#8221;||0px||false|false&#8221; custom_padding=&#8221;0px||52px||false|false&#8221; hover_enabled=&#8221;0&#8243; global_colors_info=&#8221;{}&#8221; sticky_enabled=&#8221;0&#8243;][et_pb_row _builder_version=&#8221;4.22.1&#8243; _module_preset=&#8221;default&#8221; custom_padding=&#8221;115px|||||&#8221; global_colors_info=&#8221;{}&#8221;][et_pb_column type=&#8221;4_4&#8243; _builder_version=&#8221;4.22.1&#8243; _module_preset=&#8221;default&#8221; global_colors_info=&#8221;{}&#8221;][et_pb_text _builder_version=&#8221;4.22.1&#8243; _module_preset=&#8221;default&#8221; global_colors_info=&#8221;{}&#8221;]<\/p>\n<h2><span style=\"color: #b5e4b1;\">Nous d\u00e9veloppons des sites internets<\/span><\/h2>\n<h3><span style=\"color: #31ba8f;\">ECORESPONSABLES<\/span><\/h3>\n<p>[\/et_pb_text][et_pb_text _builder_version=&#8221;4.22.1&#8243; _module_preset=&#8221;default&#8221; custom_margin=&#8221;||6px|||&#8221; global_colors_info=&#8221;{}&#8221;]<\/p>\n<p><span style=\"color: #b5e4b1;\">Internet, ca consomme ! Pour etre plus pr\u00e9cis, c\u2019est environ 416 TWh par an&#8230; Quasiment la consommation de la France en 1 an.<\/span><br \/><span style=\"color: #b5e4b1;\">Nous nous efforcons de developper des sites internet moins consommateur en energie.<\/span><br \/><span style=\"color: #b5e4b1;\">Cela passe par la selection d\u2019hebergement utilisant des energies renouvelables ou compensant leur emprunte carbonne, des processus de conceptions visant \u00e0 r\u00e9duire au strict necessaire les fonctionnalit\u00e9es necessaires ou encore, vous conseiller sur les couleurs&#8230;<\/span><\/p>\n<p>[\/et_pb_text][\/et_pb_column][\/et_pb_row][\/et_pb_section][et_pb_section fb_built=&#8221;1&#8243; _builder_version=&#8221;4.22.1&#8243; _module_preset=&#8221;default&#8221; background_image=&#8221;http:\/\/esioo.fr\/wp-content\/uploads\/2023\/09\/Nouveau-projet.jpg&#8221; parallax=&#8221;on&#8221; custom_margin=&#8221;0px|||||&#8221; custom_padding=&#8221;47px|||||&#8221; global_colors_info=&#8221;{}&#8221;][et_pb_row column_structure=&#8221;1_2,1_2&#8243; _builder_version=&#8221;4.22.1&#8243; _module_preset=&#8221;default&#8221; global_colors_info=&#8221;{}&#8221;][et_pb_column type=&#8221;1_2&#8243; _builder_version=&#8221;4.22.1&#8243; _module_preset=&#8221;default&#8221; global_colors_info=&#8221;{}&#8221;][et_pb_text _builder_version=&#8221;4.22.1&#8243; _module_preset=&#8221;default&#8221; global_colors_info=&#8221;{}&#8221;]<\/p>\n<h2><span style=\"color: #b5e4b1;\">La suite collaborative <\/span><\/h2>\n<h3><span style=\"color: #31ba8f;\">ETHIQUE<\/span><\/h3>\n<p>[\/et_pb_text][et_pb_text _builder_version=&#8221;4.22.1&#8243; _module_preset=&#8221;default&#8221; global_colors_info=&#8221;{}&#8221;]<\/p>\n<p><span style=\"color: #b5e4b1;\">La solution europ\u00e9ene et s\u00e9curis\u00e9e pour remplacer Microsoft et Google.<\/span><\/p>\n<div class=\"MuiBox-root css-xruv32\">\n<h3 class=\"MuiTypography-root MuiTypography-h2 css-1ua4ri1\">Travaillez \u00e0 distance comme si vous \u00e9tiez au bureau<\/h3>\n<\/div>\n<div class=\"MuiBox-root css-1l47utg\">\n<p class=\"MuiTypography-root MuiTypography-body1 css-1eisebi\"><span style=\"color: #b5e4b1;\">Docs, Grids et Points permettent d&#8217;interagir en temps r\u00e9el en ligne sur des documents Word, Excel et PowerPoint. Pas de connexion Internet ? T\u00e9l\u00e9chargez la suite bureautique open source. <\/span><br \/><span style=\"color: #b5e4b1;\">Mail, agenda, stockage de fichier, messagerie instantan\u00e9e, r\u00e9union&#8230; Augmentez la <span class=\"css-1p4ak3c\"> productivit\u00e9 <\/span> de vos \u00e9quipes et assurez la <span class=\"css-1p4ak3c\"> s\u00e9curit\u00e9 <\/span> de vos donn\u00e9es<\/span><\/p>\n<p class=\"MuiTypography-root MuiTypography-body1 css-1eisebi\">\n<div class=\"MuiBox-root css-18847ml\">\n<p>&nbsp;<\/p>\n<\/div>\n<\/div>\n<p>[\/et_pb_text][et_pb_button button_text=&#8221;Demander plus d&#8217;informations&#8221; _builder_version=&#8221;4.22.1&#8243; _module_preset=&#8221;default&#8221; custom_button=&#8221;on&#8221; background_layout=&#8221;dark&#8221; global_colors_info=&#8221;{}&#8221;][\/et_pb_button][\/et_pb_column][et_pb_column type=&#8221;1_2&#8243; _builder_version=&#8221;4.22.1&#8243; _module_preset=&#8221;default&#8221; global_colors_info=&#8221;{}&#8221;][et_pb_image src=&#8221;http:\/\/esioo.fr\/wp-content\/uploads\/2023\/09\/ksuite-picto.png&#8221; alt=&#8221;K SUITE&#8221; title_text=&#8221;ksuite-picto&#8221; _builder_version=&#8221;4.22.1&#8243; _module_preset=&#8221;default&#8221; global_colors_info=&#8221;{}&#8221;][\/et_pb_image][\/et_pb_column][\/et_pb_row][\/et_pb_section]<\/p>\n","protected":false},"excerpt":{"rendered":"<p>ESIOO Cr\u00e9ateur de siteECORESPONSABLENous d\u00e9veloppons des sites internets ECORESPONSABLESInternet, ca consomme ! Pour etre plus pr\u00e9cis, c\u2019est environ 416 TWh par an&#8230; Quasiment la consommation de la France en 1 an.Nous nous efforcons de developper des sites internet moins consommateur en energie.Cela passe par la selection d\u2019hebergement utilisant des energies renouvelables ou compensant leur emprunte [&hellip;]<\/p>\n","protected":false},"author":1,"featured_media":0,"parent":0,"menu_order":0,"comment_status":"closed","ping_status":"open","template":"","meta":{"_et_pb_use_builder":"on","_et_pb_old_content":"<!-- wp:paragraph -->\n<p>Ceci est une page d\u2019exemple. C\u2019est diff\u00e9rent d\u2019un article de blog parce qu\u2019elle restera au m\u00eame endroit et appara\u00eetra dans la navigation de votre site (dans la plupart des th\u00e8mes). La plupart des gens commencent par une page \u00ab\u00a0\u00c0 propos\u00a0\u00bb qui les pr\u00e9sente aux personnes visitant le site. Cela pourrait ressembler \u00e0 quelque chose comme cela\u00a0:<\/p>\n<!-- \/wp:paragraph -->\n\n<!-- wp:quote -->\n<blockquote class=\"wp-block-quote\"><p>Bonjour\u00a0! Je suis un m\u00e9canicien qui aspire \u00e0 devenir acteur, et voici mon site. J\u2019habite \u00e0 Bordeaux, j\u2019ai un super chien baptis\u00e9 Russell, et j\u2019aime la vodka (ainsi qu\u2019\u00eatre surpris par la pluie soudaine lors de longues balades sur la plage au coucher du soleil).<\/p><\/blockquote>\n<!-- \/wp:quote -->\n\n<!-- wp:paragraph -->\n<p>\u2026ou quelque chose comme cela\u00a0:<\/p>\n<!-- \/wp:paragraph -->\n\n<!-- wp:quote -->\n<blockquote class=\"wp-block-quote\"><p>La soci\u00e9t\u00e9 123 Machin Truc a \u00e9t\u00e9 cr\u00e9\u00e9e en 1971, et n\u2019a cess\u00e9 de proposer au public des machins-trucs de qualit\u00e9 depuis lors. Situ\u00e9e \u00e0 Saint-Remy-en-Bouzemont-Saint-Genest-et-Isson, 123 Machin Truc emploie 2 000 personnes, et fabrique toutes sortes de bidules supers pour la communaut\u00e9 bouzemontoise.<\/p><\/blockquote>\n<!-- \/wp:quote -->\n\n<!-- wp:paragraph -->\n<p>En tant que nouvel utilisateur ou utilisatrice de WordPress, vous devriez vous rendre sur <a href=\"http:\/\/esioo.fr\/wp-admin\/\">votre tableau de bord<\/a> pour supprimer cette page et cr\u00e9er de nouvelles pages pour votre contenu. Amusez-vous bien\u00a0!<\/p>\n<!-- \/wp:paragraph -->","_et_gb_content_width":"","om_disable_all_campaigns":false,"_monsterinsights_skip_tracking":false,"_monsterinsights_sitenote_active":false,"_monsterinsights_sitenote_note":"","_monsterinsights_sitenote_category":0,"footnotes":""},"aioseo_notices":[],"_links":{"self":[{"href":"https:\/\/esioo.fr\/index.php?rest_route=\/wp\/v2\/pages\/2"}],"collection":[{"href":"https:\/\/esioo.fr\/index.php?rest_route=\/wp\/v2\/pages"}],"about":[{"href":"https:\/\/esioo.fr\/index.php?rest_route=\/wp\/v2\/types\/page"}],"author":[{"embeddable":true,"href":"https:\/\/esioo.fr\/index.php?rest_route=\/wp\/v2\/users\/1"}],"replies":[{"embeddable":true,"href":"https:\/\/esioo.fr\/index.php?rest_route=%2Fwp%2Fv2%2Fcomments&post=2"}],"version-history":[{"count":5,"href":"https:\/\/esioo.fr\/index.php?rest_route=\/wp\/v2\/pages\/2\/revisions"}],"predecessor-version":[{"id":22,"href":"https:\/\/esioo.fr\/index.php?rest_route=\/wp\/v2\/pages\/2\/revisions\/22"}],"wp:attachment":[{"href":"https:\/\/esioo.fr\/index.php?rest_route=%2Fwp%2Fv2%2Fmedia&parent=2"}],"curies":[{"name":"wp","href":"https:\/\/api.w.org\/{rel}","templated":true}]}}